{"id":3771,"date":"2023-10-25T14:28:57","date_gmt":"2023-10-25T14:28:57","guid":{"rendered":"https:\/\/broekmanlogist.wpengine.com\/?page_id=3771"},"modified":"2024-01-16T15:06:41","modified_gmt":"2024-01-16T15:06:41","slug":"born","status":"publish","type":"page","link":"https:\/\/testbroekman.nl\/nl\/over-ons\/locaties\/nederland\/born\/","title":{"rendered":"Born"},"content":{"rendered":"\t<section class=\"section bg-background !pt-4\">\n\t\t<div class=\"container grid grid-cols-12 gap-y-4\">\n\t\t\t<div class=\" md:col-span-8 col-span-12 mb-4\">\n\t\t\t\t<div class=\"breadcrumbs\"><span><span><a href=\"https:\/\/testbroekman.nl\/nl\/\">Broekman Logistics<\/a><\/span><\/span><\/div>\n\t\t\t<\/div>\n\n\t\t\t<div class=\" md:col-span-10 col-span-12\">\n\t\t\t\t<div class=\"flex flex-col-reverse gap-2\"><h1 aria-level=\"1\" class=\"title [&#038;_strong]:text-[var(--page-color)] [&#038;_strong]:font-semibold text-brandPrimary leading-[64px]\">Broekman Logistics Born\n<\/h1><h2 aria-level=\"2\" class=\"subtitle text-p mb-1 text-[var(--page-color)] font-semibold\">Vestigingen<\/h2><\/div>\n\t\t\t<\/div>\n\n\t\t\t<div class=\" md:col-span-8 col-span-12\">\n\t\t\t\t\t\t\t\t\t<div class=\"content content--large\"><p>We zijn gevestigd in Born, in de provincie Limburg. Het is een logistieke hub in Nederland. Van hieruit bieden we uitgebreide logistieke oplossingen voor de opslag, assemblage en distributie van uw goederen.<\/p>\n<\/div>\n\t\t\t\t\t\t\t<\/div>\n\t\t<\/div>\n\t<\/section>\n\n\n<section class=\"section relative overflow-hidden !m-0\">\n\t\t\t\t\t\t\n\t<div class=\"relative max-w-[1600px] mx-auto\">\n\t\t\t\t\t\t\t\t\t\t\t\t\t\t\t\t\n\t\t<div class=\"container p-0 lg:p-4 grid z-10 grid-cols-12 w-full lg:left-1\/2 lg:absolute lg:-translate-x-1\/2 lg:top-1\/2 lg:-translate-y-1\/2\">\n\t\t\t\t\t\t\t<div class=\"col-span-6 hidden lg:block left-\"><\/div>\n\t\t\t\t\t\t<div class=\"offset px-8 py-12 lg:p-0 col-span-12 lg:col-span-6 flex flex-col gap-6 lg:before:max-w-[100vw] lg:before:absolute lg:before:-z-10 lg:before:-left-0 lg:before:-top-20 lg:before:-bottom-20 lg:before:w-[100vw] lg:before:block lg:after:w-20 lg:after:absolute lg:after:-z-10 lg:after:-left-20 lg:after:-top-20 lg:after:-bottom-20 lg:after:block relative bg-brandPrimary bg-page z-10 lg:before:bg-brandPrimary lg:after:bg-brandPrimary lg:after:opacity-70 lg:pl-10\">\n\t\t\t\t<h2 aria-level=\"2\" class=\"title [&#038;_strong]:text-[var(--page-color)] [&#038;_strong]:font-semibold\">Broekman Logistics Born\n<\/h2><h3 aria-level=\"3\" class=\"subtitle\">Looking Beyond<\/h3>\n\n\t\t\t\t\t\t\t\t\t<div class=\"content\"><p>Born is centraal gelegen in Europa, met grote multimodale knooppunten Rotterdam en Venlo in de buurt, waardoor het een logistiek knooppunt is. Met uitstekende binnenlandse verbindingen, per spoor en over de weg, stellen wij u in staat om gemakkelijk de Europese markten te bereiken terwijl u de transportkosten minimaliseert en de doorlooptijden verkort.<\/p>\n<p>Wij bieden uitgebreide oplossingen voor contractlogistiek die verder gaan dan opslag en distributie. Wij zijn gespecialiseerd in het integreren van technische assemblagediensten en het beheer van reserve-onderdelen in uitdagende toeleveringsketens. We gaan langdurige partnerschappen aan en samen met u kijken we verder dan logistiek en bieden we real-time inzicht in de voorraadniveaus, het volgen van bewegingen, orderplanning, status en voltooiing, retourzendingen van producten en kwaliteitscontroleresultaten. Dit alles om uitgebreide end-to-end supply chain-oplossingen te garanderen.<\/p>\n<\/div>\n\t\t\t\t\t\t\t<\/div>\n\t\t<\/div>\n\n\t\t<img decoding=\"async\" width=\"1800\" height=\"1350\" src=\"https:\/\/testbroekman.nl\/wp-content\/uploads\/2023\/10\/Machinery-Spare-Parts-Spare-Parts-Management-Warehousing-Storage-Born-3.jpg\" class=\"w-full lg:w-1\/2 cols-span-12 aspect-square relative object-cover\" alt=\"Machinery Spare Parts - Spare Parts Management Warehousing &amp; Storage - Born (3)\" srcset=\"https:\/\/testbroekman.nl\/wp-content\/uploads\/2023\/10\/Machinery-Spare-Parts-Spare-Parts-Management-Warehousing-Storage-Born-3.jpg 1800w, https:\/\/testbroekman.nl\/wp-content\/uploads\/2023\/10\/Machinery-Spare-Parts-Spare-Parts-Management-Warehousing-Storage-Born-3-300x225.jpg 300w, https:\/\/testbroekman.nl\/wp-content\/uploads\/2023\/10\/Machinery-Spare-Parts-Spare-Parts-Management-Warehousing-Storage-Born-3-1024x768.jpg 1024w, https:\/\/testbroekman.nl\/wp-content\/uploads\/2023\/10\/Machinery-Spare-Parts-Spare-Parts-Management-Warehousing-Storage-Born-3-768x576.jpg 768w, https:\/\/testbroekman.nl\/wp-content\/uploads\/2023\/10\/Machinery-Spare-Parts-Spare-Parts-Management-Warehousing-Storage-Born-3-1536x1152.jpg 1536w, https:\/\/testbroekman.nl\/wp-content\/uploads\/2023\/10\/Machinery-Spare-Parts-Spare-Parts-Management-Warehousing-Storage-Born-3-1080x810.jpg 1080w\" sizes=\"(max-width: 1800px) 100vw, 1800px\" \/>\n\t<\/div>\n<\/section>\n\n\n\t<section class=\"section content-image white\">\n\t\t<div class=\"container\">\n            <div class=\"content-image__container flex md:gap-20 items-center w-full  md:flex-row-reverse  max-md:flex-col gap-10\">\n                <div class=\" md:w-[50%]  content-image__content\">\n                    <div class=\"flex flex-col-reverse mb-6 \">\n                        <h2 aria-level=\"2\" class=\"title [&#038;_strong]:text-[var(--page-color)] [&#038;_strong]:font-semibold text-brandPrimary leading-[48px]\">Wij bieden technische assemblagediensten en onderdelenbeheer onder \u00e9\u00e9n dak\n<\/h2><h3 aria-level=\"3\" class=\"subtitle text-p mb-1 text-[var(--page-color)] font-semibold\">Expertise<\/h3>\n                    <\/div>\n\n                                            <div class=\"content [&#038;>p]:leading-7 &#8220;><p>Born beschikt over uitgebreide distributiecentra en warehouses, waardoor de opslag en distributie van aanzienlijke hoeveelheden goederen naadloos wordt gefaciliteerd. Wij bieden end-to-end supply chain-oplossingen op maat en kijken samen met u verder dan uw typische opslag- en internationale zendingen. Wij bieden u de volgende oplossingen:<\/p>\n<ul>\n<li>Warehousing en opslag<\/li>\n<li>Product assemblage<\/li>\n<li>Componentenintegratie<\/li>\n<li>Assembly line en reparatie-ativiteiten<\/li>\n<li>Voorraadbeheer<\/li>\n<li>Spare parts management<\/li>\n<li>Kitting en co-packing, fine picking, packing en labelling<\/li>\n<li>Innovatieve en duurzame packaging en repackaging<\/li>\n<li>Pre-delivery inspecties en testen<\/li>\n<li>Compliance en kwaliteitscontrole<\/li>\n<li>Internationale freight forwarding<\/li>\n<li>Douane-afhandeling<\/li>\n<li>Fiscale representatie<\/li>\n<\/ul>\n<\/div>\n                    \n                                    <\/div>\n\n                                    <div class=\" md:w-[calc(50%-80px)] \">\n                             \n                                                            <img decoding=\"async\" width=\"1800\" height=\"1353\" src=\"https:\/\/testbroekman.nl\/wp-content\/uploads\/2023\/10\/Machinery-Spare-Parts-Spare-Parts-Management-Warehousing-Storage-Born-11-e1697638201603.jpg\" class=\"h-full w-full aspect-square object-cover content-image__image\" alt=\"Machinery Spare Parts - Spare Parts Management Warehousing &amp; Storage - Born (11)\" \/>\n                                                                        <\/div>\n                            <\/div>\n\t\t<\/div>\n\t<\/section>\n\n\n    <section class=\"section bg-background\">\n        <div class=\"container\">\n\n            <div class=\"flex flex-col-reverse mb-6\">\n                <h2 aria-level=\"2\" class=\"title [&#038;_strong]:text-[var(--page-color)] [&#038;_strong]:font-semibold text-brandPrimary\">Our warehouse facility\n<\/h2><h3 aria-level=\"3\" class=\"subtitle text-[var(--page-color)] text-p font-semibold\">Facts<\/h3>\n            <\/div>\n\n                        \n                        <div class=\"grid sm:grid-cols-2  xl:grid-cols-4  gap-[72px] pt-10\">\n                                    <div>\n                                                                            <h4 class=\"text-brandPrimary mb-3\">Opslagcapaciteit van 77.500 m2 verdeeld over vier warehouses<\/h4>\n                                                                    <\/div>\n                                    <div>\n                                                                            <h4 class=\"text-brandPrimary mb-3\">Op maat gemaakte engineering opslagruimte<\/h4>\n                                                                    <\/div>\n                                    <div>\n                                                                            <h4 class=\"text-brandPrimary mb-3\">Operationele en productiewerkruimte voor technische assemblagediensten<\/h4>\n                                                                    <\/div>\n                                    <div>\n                                                                                            <\/div>\n                            <\/div>\n        <\/div>\n    <\/section>\n\n\n<section class=\"section white\">\n\t<div class=\"container gap-x-5 gap-y-6 grid grid-cols-12\">\n\t\t\t\t\t<div class=\" col-span-12 md:col-span-7\"><h2 aria-level=\"2\" class=\"title [&#038;_strong]:text-[var(--page-color)] [&#038;_strong]:font-semibold font-semibold text-brandPrimary leading-[48px]\">Veilige en gecertificeerde logistieke oplossingen\n<\/h2><\/div>\n\t\t\n\t\t\n\t\t\t\t\t<div class=\"content col-span-12 md:col-span-9\">\n\t\t\t\t<p>Via onze eigen internationale kantoren in de Benelux, Tsjechi\u00eb, Polen, India en China kunnen wij u van dienst zijn met onge\u00ebvenaarde expertise en effici\u00ebntie in de internationale logistiek. Wij zijn gecertificeerd en werken volgens de volgende normen:<\/p>\n\n\t\t\t<\/div>\n\t\t\t<\/div>\n<\/section>\n\n\n<section class=\"section white pointer-events-none overflow-hidden\">\n\t<div class=\"logo-container\">\n\t\t<div\n\t\t\tclass=\"swiper-wrapper logo-swiper items-center gap-20\">\n\t\t\t\t\t\t\t\t\t\t\t\t\t\t\t<div class=\"swiper-slide !w-fit\">\n\t\t\t\t\t\t<img decoding=\"async\" width=\"750\" height=\"477\" src=\"https:\/\/testbroekman.nl\/wp-content\/uploads\/2023\/11\/AEO-Logo-e1699345175815.jpg\" class=\"max-w-[192px] max-h-[auto] object-cover\" alt=\"AEO certificate_Broekman Logistics\" \/>\n\t\t\t\t\t<\/div>\n\t\t\t\t\t\t\t\t\t<div class=\"swiper-slide !w-fit\">\n\t\t\t\t\t\t<img decoding=\"async\" width=\"760\" height=\"500\" src=\"https:\/\/testbroekman.nl\/wp-content\/uploads\/2023\/11\/ISO9001LOGOTUVNL-e1699281524261.jpg\" class=\"max-w-[192px] max-h-[auto] object-cover\" alt=\"\" \/>\n\t\t\t\t\t<\/div>\n\t\t\t\t\t\t\t\t\t<div class=\"swiper-slide !w-fit\">\n\t\t\t\t\t\t<img decoding=\"async\" width=\"2100\" height=\"2100\" src=\"https:\/\/testbroekman.nl\/wp-content\/uploads\/2023\/11\/ISO14001LOGOTUVNL-e1699281552653.jpg\" class=\"max-w-[192px] max-h-[auto] object-cover\" alt=\"\" \/>\n\t\t\t\t\t<\/div>\n\t\t\t\t\t\t\t\t\t<div class=\"swiper-slide !w-fit\">\n\t\t\t\t\t\t\n\t\t\t\t\t<\/div>\n\t\t\t\t\t\t\t\t\t\t\t\t\t\t\t\t<div class=\"swiper-slide !w-fit\">\n\t\t\t\t\t\t<img decoding=\"async\" width=\"750\" height=\"477\" src=\"https:\/\/testbroekman.nl\/wp-content\/uploads\/2023\/11\/AEO-Logo-e1699345175815.jpg\" class=\"max-w-[192px] max-h-[auto] object-cover\" alt=\"AEO certificate_Broekman Logistics\" \/>\n\t\t\t\t\t<\/div>\n\t\t\t\t\t\t\t\t\t<div class=\"swiper-slide !w-fit\">\n\t\t\t\t\t\t<img decoding=\"async\" width=\"760\" height=\"500\" src=\"https:\/\/testbroekman.nl\/wp-content\/uploads\/2023\/11\/ISO9001LOGOTUVNL-e1699281524261.jpg\" class=\"max-w-[192px] max-h-[auto] object-cover\" alt=\"\" \/>\n\t\t\t\t\t<\/div>\n\t\t\t\t\t\t\t\t\t<div class=\"swiper-slide !w-fit\">\n\t\t\t\t\t\t<img decoding=\"async\" width=\"2100\" height=\"2100\" src=\"https:\/\/testbroekman.nl\/wp-content\/uploads\/2023\/11\/ISO14001LOGOTUVNL-e1699281552653.jpg\" class=\"max-w-[192px] max-h-[auto] object-cover\" alt=\"\" \/>\n\t\t\t\t\t<\/div>\n\t\t\t\t\t\t\t\t\t<div class=\"swiper-slide !w-fit\">\n\t\t\t\t\t\t\n\t\t\t\t\t<\/div>\n\t\t\t\t\t\t\t\t\t\t\t\t\t\t\t\t<div class=\"swiper-slide !w-fit\">\n\t\t\t\t\t\t<img decoding=\"async\" width=\"750\" height=\"477\" src=\"https:\/\/testbroekman.nl\/wp-content\/uploads\/2023\/11\/AEO-Logo-e1699345175815.jpg\" class=\"max-w-[192px] max-h-[auto] object-cover\" alt=\"AEO certificate_Broekman Logistics\" \/>\n\t\t\t\t\t<\/div>\n\t\t\t\t\t\t\t\t\t<div class=\"swiper-slide !w-fit\">\n\t\t\t\t\t\t<img decoding=\"async\" width=\"760\" height=\"500\" src=\"https:\/\/testbroekman.nl\/wp-content\/uploads\/2023\/11\/ISO9001LOGOTUVNL-e1699281524261.jpg\" class=\"max-w-[192px] max-h-[auto] object-cover\" alt=\"\" \/>\n\t\t\t\t\t<\/div>\n\t\t\t\t\t\t\t\t\t<div class=\"swiper-slide !w-fit\">\n\t\t\t\t\t\t<img decoding=\"async\" width=\"2100\" height=\"2100\" src=\"https:\/\/testbroekman.nl\/wp-content\/uploads\/2023\/11\/ISO14001LOGOTUVNL-e1699281552653.jpg\" class=\"max-w-[192px] max-h-[auto] object-cover\" alt=\"\" \/>\n\t\t\t\t\t<\/div>\n\t\t\t\t\t\t\t\t\t<div class=\"swiper-slide !w-fit\">\n\t\t\t\t\t\t\n\t\t\t\t\t<\/div>\n\t\t\t\t\t\t\t\t\t\t\t\t\t\t\t\t<div class=\"swiper-slide !w-fit\">\n\t\t\t\t\t\t<img decoding=\"async\" width=\"750\" height=\"477\" src=\"https:\/\/testbroekman.nl\/wp-content\/uploads\/2023\/11\/AEO-Logo-e1699345175815.jpg\" class=\"max-w-[192px] max-h-[auto] object-cover\" alt=\"AEO certificate_Broekman Logistics\" \/>\n\t\t\t\t\t<\/div>\n\t\t\t\t\t\t\t\t\t<div class=\"swiper-slide !w-fit\">\n\t\t\t\t\t\t<img decoding=\"async\" width=\"760\" height=\"500\" src=\"https:\/\/testbroekman.nl\/wp-content\/uploads\/2023\/11\/ISO9001LOGOTUVNL-e1699281524261.jpg\" class=\"max-w-[192px] max-h-[auto] object-cover\" alt=\"\" \/>\n\t\t\t\t\t<\/div>\n\t\t\t\t\t\t\t\t\t<div class=\"swiper-slide !w-fit\">\n\t\t\t\t\t\t<img decoding=\"async\" width=\"2100\" height=\"2100\" src=\"https:\/\/testbroekman.nl\/wp-content\/uploads\/2023\/11\/ISO14001LOGOTUVNL-e1699281552653.jpg\" class=\"max-w-[192px] max-h-[auto] object-cover\" alt=\"\" \/>\n\t\t\t\t\t<\/div>\n\t\t\t\t\t\t\t\t\t<div class=\"swiper-slide !w-fit\">\n\t\t\t\t\t\t\n\t\t\t\t\t<\/div>\n\t\t\t\t\t\t\t\t\t\t\t\t\t\t\t\t<div class=\"swiper-slide !w-fit\">\n\t\t\t\t\t\t<img decoding=\"async\" width=\"750\" height=\"477\" src=\"https:\/\/testbroekman.nl\/wp-content\/uploads\/2023\/11\/AEO-Logo-e1699345175815.jpg\" class=\"max-w-[192px] max-h-[auto] object-cover\" alt=\"AEO certificate_Broekman Logistics\" \/>\n\t\t\t\t\t<\/div>\n\t\t\t\t\t\t\t\t\t<div class=\"swiper-slide !w-fit\">\n\t\t\t\t\t\t<img decoding=\"async\" width=\"760\" height=\"500\" src=\"https:\/\/testbroekman.nl\/wp-content\/uploads\/2023\/11\/ISO9001LOGOTUVNL-e1699281524261.jpg\" class=\"max-w-[192px] max-h-[auto] object-cover\" alt=\"\" \/>\n\t\t\t\t\t<\/div>\n\t\t\t\t\t\t\t\t\t<div class=\"swiper-slide !w-fit\">\n\t\t\t\t\t\t<img decoding=\"async\" width=\"2100\" height=\"2100\" src=\"https:\/\/testbroekman.nl\/wp-content\/uploads\/2023\/11\/ISO14001LOGOTUVNL-e1699281552653.jpg\" class=\"max-w-[192px] max-h-[auto] object-cover\" alt=\"\" \/>\n\t\t\t\t\t<\/div>\n\t\t\t\t\t\t\t\t\t<div class=\"swiper-slide !w-fit\">\n\t\t\t\t\t\t\n\t\t\t\t\t<\/div>\n\t\t\t\t\t\t\t\t\t\t\t\t\t\t\t\t<div class=\"swiper-slide !w-fit\">\n\t\t\t\t\t\t<img decoding=\"async\" width=\"750\" height=\"477\" src=\"https:\/\/testbroekman.nl\/wp-content\/uploads\/2023\/11\/AEO-Logo-e1699345175815.jpg\" class=\"max-w-[192px] max-h-[auto] object-cover\" alt=\"AEO certificate_Broekman Logistics\" \/>\n\t\t\t\t\t<\/div>\n\t\t\t\t\t\t\t\t\t<div class=\"swiper-slide !w-fit\">\n\t\t\t\t\t\t<img decoding=\"async\" width=\"760\" height=\"500\" src=\"https:\/\/testbroekman.nl\/wp-content\/uploads\/2023\/11\/ISO9001LOGOTUVNL-e1699281524261.jpg\" class=\"max-w-[192px] max-h-[auto] object-cover\" alt=\"\" \/>\n\t\t\t\t\t<\/div>\n\t\t\t\t\t\t\t\t\t<div class=\"swiper-slide !w-fit\">\n\t\t\t\t\t\t<img decoding=\"async\" width=\"2100\" height=\"2100\" src=\"https:\/\/testbroekman.nl\/wp-content\/uploads\/2023\/11\/ISO14001LOGOTUVNL-e1699281552653.jpg\" class=\"max-w-[192px] max-h-[auto] object-cover\" alt=\"\" \/>\n\t\t\t\t\t<\/div>\n\t\t\t\t\t\t\t\t\t<div class=\"swiper-slide !w-fit\">\n\t\t\t\t\t\t\n\t\t\t\t\t<\/div>\n\t\t\t\t\t\t\t\t\t<\/div>\n\t<\/div>\n<\/section>\n\n\n    <section class=\"section bg-background\">\n        <div class=\"container\">\n\n            <div class=\"p-5 bg-white md:p-10 shadow-bannerTextBlock\">\n                <div class=\" xl:flex xl:justify-center \">\n                <h2 aria-level=\"2\" class=\"title [&#038;_strong]:text-[var(--page-color)] [&#038;_strong]:font-semibold text-brandPrimary text-h2 mb-10\">Neem contact op met onze expert in uw regio\n<\/h2>\n                <\/div>\n                <div class=\"swiper slider contact-experts-slider\">\n                    <div class=\"swiper-wrapper\">\n                                                    <div class=\"swiper-slide\">\n                                <div class=\"max-w-[237px]\">\n                                                                            <img decoding=\"async\" width=\"816\" height=\"962\" src=\"https:\/\/testbroekman.nl\/wp-content\/uploads\/2023\/10\/Smile-05-10-2023625076-min-4-e1699449539182.jpg\" class=\"h-[112px] w-[112px] object-cover rounded-full border-[3px] border-neutral-0 mb-3\" alt=\"\" srcset=\"https:\/\/testbroekman.nl\/wp-content\/uploads\/2023\/10\/Smile-05-10-2023625076-min-4-e1699449539182.jpg 816w, https:\/\/testbroekman.nl\/wp-content\/uploads\/2023\/10\/Smile-05-10-2023625076-min-4-e1699449539182-254x300.jpg 254w, https:\/\/testbroekman.nl\/wp-content\/uploads\/2023\/10\/Smile-05-10-2023625076-min-4-e1699449539182-768x905.jpg 768w, https:\/\/testbroekman.nl\/wp-content\/uploads\/2023\/10\/Smile-05-10-2023625076-min-4-e1699449539182-687x810.jpg 687w\" sizes=\"(max-width: 816px) 100vw, 816px\" \/>\n                                                                                                                <h4 class=\"mb-3 font-semibold text-brandPrimary text-h4\">Jarno Smeets<\/h4>\n                                                                                                                <div class=\"mb-3 text-h5\">The Netherlands<\/div>\n                                                                                                                                                         <a href=\"https:\/\/testbroekman.nl\/nl\/jarno-smeets\/\" target=\"\" class=\"btn btn--cta\">\n                                            Neem contact op\n                                        <\/a>\n                                                                    <\/div>\n                            <\/div>\n                                                    <div class=\"swiper-slide\">\n                                <div class=\"max-w-[237px]\">\n                                                                            <img decoding=\"async\" width=\"1180\" height=\"1005\" src=\"https:\/\/testbroekman.nl\/wp-content\/uploads\/2023\/10\/Smile-05-10-2023625201-min-4-e1702028665817.jpg\" class=\"h-[112px] w-[112px] object-cover rounded-full border-[3px] border-neutral-0 mb-3\" alt=\"\" srcset=\"https:\/\/testbroekman.nl\/wp-content\/uploads\/2023\/10\/Smile-05-10-2023625201-min-4-e1702028665817.jpg 1180w, https:\/\/testbroekman.nl\/wp-content\/uploads\/2023\/10\/Smile-05-10-2023625201-min-4-e1702028665817-300x256.jpg 300w, https:\/\/testbroekman.nl\/wp-content\/uploads\/2023\/10\/Smile-05-10-2023625201-min-4-e1702028665817-1024x872.jpg 1024w, https:\/\/testbroekman.nl\/wp-content\/uploads\/2023\/10\/Smile-05-10-2023625201-min-4-e1702028665817-768x654.jpg 768w, https:\/\/testbroekman.nl\/wp-content\/uploads\/2023\/10\/Smile-05-10-2023625201-min-4-e1702028665817-951x810.jpg 951w\" sizes=\"(max-width: 1180px) 100vw, 1180px\" \/>\n                                                                                                                <h4 class=\"mb-3 font-semibold text-brandPrimary text-h4\">Ralph Adams<\/h4>\n                                                                                                                <div class=\"mb-3 text-h5\">The Netherlands<\/div>\n                                                                                                                                                         <a href=\"https:\/\/testbroekman.nl\/nl\/ralph-adams\/\" target=\"\" class=\"btn btn--cta\">\n                                            Neem contact op\n                                        <\/a>\n                                                                    <\/div>\n                            <\/div>\n                                            <\/div>\n\n                    <div class=\"flex items-center justify-between mt-5 md:mt-10\">\n                        <div><\/div>\n                        <div class=\"flex gap-8 [&#038;>div]:rounded-md [&#038;>div]:w-[48px] [&#038;>div]:h-[48px] [&#038;>div]:border-2 [&#038;>div]:flex [&#038;>div]:items-center [&#038;>div]:justify-center [&#038;>div:hover]:bg-brandPrimary [&#038;>div]:transition-all [&#038;>div:hover]:text-white [&#038;>div]:border-brandPrimary text-brandPrimary  text-brandPrimary  [&#038;>div]:cursor-pointer&#8221;>\n                            <div class=\"slider__button--prev\">\n                                <span class=\"material-symbols-rounded\">arrow_back<\/span>\n                            <\/div>\n                            <div class=\"slider__button--next\">\n                                <span class=\"material-symbols-rounded\">arrow_forward<\/span>\n                            <\/div>\n                        <\/div>\n                    <\/div>\n                <\/div>\n            <\/div>\n        <\/div>\n    <\/section>\n","protected":false},"excerpt":{"rendered":"","protected":false},"author":14,"featured_media":0,"parent":3739,"menu_order":72,"comment_status":"closed","ping_status":"closed","template":"","meta":{"footnotes":""},"class_list":["post-3771","page","type-page","status-publish","hentry"],"acf":[],"yoast_head":"<!-- This site is optimized with the Yoast SEO plugin v21.1 - https:\/\/yoast.com\/wordpress\/plugins\/seo\/ -->\n<title>Born - Broekman Logistics<\/title>\n<meta name=\"description\" content=\"Ontdek onze locatie in Born, Nederland. Broekman Logistics, uw partner voor effici\u00ebnte logistieke oplossingen\" \/>\n<meta name=\"robots\" content=\"noindex, follow, max-snippet:-1, max-image-preview:large, max-video-preview:-1\" \/>\n<meta property=\"og:locale\" content=\"nl_NL\" \/>\n<meta property=\"og:type\" content=\"article\" \/>\n<meta property=\"og:title\" content=\"Born - Broekman Logistics\" \/>\n<meta property=\"og:description\" content=\"Ontdek onze locatie in Born, Nederland. Broekman Logistics, uw partner voor effici\u00ebnte logistieke oplossingen\" \/>\n<meta property=\"og:url\" content=\"https:\/\/testbroekman.nl\/nl\/over-ons\/locaties\/nederland\/born\/\" \/>\n<meta property=\"og:site_name\" content=\"Broekman Logistics\" \/>\n<meta property=\"article:publisher\" content=\"https:\/\/www.facebook.com\/BroekmanLogistics\/\" \/>\n<meta property=\"article:modified_time\" content=\"2024-01-16T15:06:41+00:00\" \/>\n<meta name=\"twitter:card\" content=\"summary_large_image\" \/>\n<!-- \/ Yoast SEO plugin. -->","yoast_head_json":{"title":"Born - Broekman Logistics","description":"Ontdek onze locatie in Born, Nederland. Broekman Logistics, uw partner voor effici\u00ebnte logistieke oplossingen","robots":{"index":"noindex","follow":"follow","max-snippet":"max-snippet:-1","max-image-preview":"max-image-preview:large","max-video-preview":"max-video-preview:-1"},"og_locale":"nl_NL","og_type":"article","og_title":"Born - Broekman Logistics","og_description":"Ontdek onze locatie in Born, Nederland. Broekman Logistics, uw partner voor effici\u00ebnte logistieke oplossingen","og_url":"https:\/\/testbroekman.nl\/nl\/over-ons\/locaties\/nederland\/born\/","og_site_name":"Broekman Logistics","article_publisher":"https:\/\/www.facebook.com\/BroekmanLogistics\/","article_modified_time":"2024-01-16T15:06:41+00:00","twitter_card":"summary_large_image","schema":{"@context":"https:\/\/schema.org","@graph":[{"@type":"WebPage","@id":"https:\/\/testbroekman.nl\/nl\/over-ons\/locaties\/nederland\/born\/","url":"https:\/\/testbroekman.nl\/nl\/over-ons\/locaties\/nederland\/born\/","name":"Born - Broekman Logistics","isPartOf":{"@id":"https:\/\/testbroekman.nl\/#website"},"datePublished":"2023-10-25T14:28:57+00:00","dateModified":"2024-01-16T15:06:41+00:00","description":"Ontdek onze locatie in Born, Nederland. Broekman Logistics, uw partner voor effici\u00ebnte logistieke oplossingen","breadcrumb":{"@id":"https:\/\/testbroekman.nl\/nl\/over-ons\/locaties\/nederland\/born\/#breadcrumb"},"inLanguage":"nl-NL","potentialAction":[{"@type":"ReadAction","target":["https:\/\/testbroekman.nl\/nl\/over-ons\/locaties\/nederland\/born\/"]}]},{"@type":"BreadcrumbList","@id":"https:\/\/testbroekman.nl\/nl\/over-ons\/locaties\/nederland\/born\/#breadcrumb","itemListElement":[{"@type":"ListItem","position":1,"name":"Broekman Logistics","item":"https:\/\/testbroekman.nl\/nl\/"},{"@type":"ListItem","position":2,"name":"Over ons","item":"https:\/\/testbroekman.nl\/nl\/over-ons\/"},{"@type":"ListItem","position":3,"name":"Locaties","item":"https:\/\/testbroekman.nl\/nl\/over-ons\/locaties\/"},{"@type":"ListItem","position":4,"name":"Nederland","item":"https:\/\/testbroekman.nl\/nl\/over-ons\/locaties\/nederland\/"},{"@type":"ListItem","position":5,"name":"Born"}]},{"@type":"WebSite","@id":"https:\/\/testbroekman.nl\/#website","url":"https:\/\/testbroekman.nl\/","name":"Broekman Logistics","description":"","publisher":{"@id":"https:\/\/testbroekman.nl\/#organization"},"potentialAction":[{"@type":"SearchAction","target":{"@type":"EntryPoint","urlTemplate":"https:\/\/testbroekman.nl\/?s={search_term_string}"},"query-input":"required name=search_term_string"}],"inLanguage":"nl-NL"},{"@type":"Organization","@id":"https:\/\/testbroekman.nl\/#organization","name":"Broekman Logistics","url":"https:\/\/testbroekman.nl\/","logo":{"@type":"ImageObject","inLanguage":"nl-NL","@id":"https:\/\/testbroekman.nl\/#\/schema\/logo\/image\/","url":"https:\/\/testbroekman.nl\/wp-content\/uploads\/2023\/09\/logo-default-positive@3x.png","contentUrl":"https:\/\/testbroekman.nl\/wp-content\/uploads\/2023\/09\/logo-default-positive@3x.png","width":516,"height":144,"caption":"Broekman Logistics"},"image":{"@id":"https:\/\/testbroekman.nl\/#\/schema\/logo\/image\/"},"sameAs":["https:\/\/www.facebook.com\/BroekmanLogistics\/","https:\/\/www.instagram.com\/broekmanlogistics\/","https:\/\/www.linkedin.com\/company\/broekman-logistics\/"]}]}},"_links":{"self":[{"href":"https:\/\/testbroekman.nl\/nl\/wp-json\/wp\/v2\/pages\/3771","targetHints":{"allow":["GET"]}}],"collection":[{"href":"https:\/\/testbroekman.nl\/nl\/wp-json\/wp\/v2\/pages"}],"about":[{"href":"https:\/\/testbroekman.nl\/nl\/wp-json\/wp\/v2\/types\/page"}],"author":[{"embeddable":true,"href":"https:\/\/testbroekman.nl\/nl\/wp-json\/wp\/v2\/users\/14"}],"replies":[{"embeddable":true,"href":"https:\/\/testbroekman.nl\/nl\/wp-json\/wp\/v2\/comments?post=3771"}],"version-history":[{"count":0,"href":"https:\/\/testbroekman.nl\/nl\/wp-json\/wp\/v2\/pages\/3771\/revisions"}],"up":[{"embeddable":true,"href":"https:\/\/testbroekman.nl\/nl\/wp-json\/wp\/v2\/pages\/3739"}],"wp:attachment":[{"href":"https:\/\/testbroekman.nl\/nl\/wp-json\/wp\/v2\/media?parent=3771"}],"curies":[{"name":"wp","href":"https:\/\/api.w.org\/{rel}","templated":true}]}}