{"id":3764,"date":"2023-10-25T14:27:40","date_gmt":"2023-10-25T14:27:40","guid":{"rendered":"https:\/\/broekmanlogist.wpengine.com\/?page_id=3764"},"modified":"2024-01-16T15:06:30","modified_gmt":"2024-01-16T15:06:30","slug":"amsterdam","status":"publish","type":"page","link":"https:\/\/testbroekman.nl\/nl\/over-ons\/locaties\/nederland\/amsterdam\/","title":{"rendered":"Amsterdam"},"content":{"rendered":"\t<section class=\"section bg-background !pt-4\">\n\t\t<div class=\"container grid grid-cols-12 gap-y-4\">\n\t\t\t<div class=\" md:col-span-8 col-span-12 mb-4\">\n\t\t\t\t<div class=\"breadcrumbs\"><span><span><a href=\"https:\/\/testbroekman.nl\/nl\/\">Broekman Logistics<\/a><\/span><\/span><\/div>\n\t\t\t<\/div>\n\n\t\t\t<div class=\" md:col-span-10 col-span-12\">\n\t\t\t\t<div class=\"flex flex-col-reverse gap-2\"><h1 aria-level=\"1\" class=\"title [&#038;_strong]:text-[var(--page-color)] [&#038;_strong]:font-semibold text-brandPrimary leading-[64px]\">Broekman Logistics Amsterdam\n<\/h1><h2 aria-level=\"2\" class=\"subtitle text-p mb-1 text-[var(--page-color)] font-semibold\">Vestigingen<\/h2><\/div>\n\t\t\t<\/div>\n\n\t\t\t<div class=\" md:col-span-8 col-span-12\">\n\t\t\t\t\t\t\t\t\t<div class=\"content content--large\"><p>Wij zijn gevestigd nabij Amsterdam Airport Schiphol. Vanaf hier is het meest voor de hand liggende transportmiddel het vliegtuig. Samen met u kijken wij verder en bieden wij multimodale transportoplossingen specifiek voor uw type lading of bestemming.<\/p>\n<\/div>\n\t\t\t\t\t\t\t<\/div>\n\t\t<\/div>\n\t<\/section>\n\n\n<section class=\"section relative overflow-hidden !m-0\">\n\t\t\t\t\t\t\n\t<div class=\"relative max-w-[1600px] mx-auto\">\n\t\t\t\t\t\t\t\t\t\t\t\t\t\t\t\t\n\t\t<div class=\"container p-0 lg:p-4 grid z-10 grid-cols-12 w-full lg:left-1\/2 lg:absolute lg:-translate-x-1\/2 lg:top-1\/2 lg:-translate-y-1\/2\">\n\t\t\t\t\t\t\t<div class=\"col-span-6 hidden lg:block left-\"><\/div>\n\t\t\t\t\t\t<div class=\"offset px-8 py-12 lg:p-0 col-span-12 lg:col-span-6 flex flex-col gap-6 lg:before:max-w-[100vw] lg:before:absolute lg:before:-z-10 lg:before:-left-0 lg:before:-top-20 lg:before:-bottom-20 lg:before:w-[100vw] lg:before:block lg:after:w-20 lg:after:absolute lg:after:-z-10 lg:after:-left-20 lg:after:-top-20 lg:after:-bottom-20 lg:after:block relative bg-brandPrimary bg-page z-10 lg:before:bg-brandPrimary lg:after:bg-brandPrimary lg:after:opacity-70 lg:pl-10\">\n\t\t\t\t<h2 aria-level=\"2\" class=\"title [&#038;_strong]:text-[var(--page-color)] [&#038;_strong]:font-semibold\">Broekman Logistics Amsterdam\n<\/h2><h3 aria-level=\"3\" class=\"subtitle\">Looking Beyond<\/h3>\n\n\t\t\t\t\t\t\t\t\t<div class=\"content\"><p>Luchtvracht is een snelle en veilige manier van transport. Amsterdam Airport Schiphol verbindt talloze bestemmingen over de hele wereld, waardoor een groot mondiaal bereik ontstaat. Met ons kantoor in de buurt zorgen we voor snelle en effici\u00ebnte toegang om goederen van en naar de luchthaven te transporteren en faciliteren we naadloze internationaal vrachtvervoer.<\/p>\n<p>Wij zijn gespecialiseerd in het leveren van effici\u00ebnte en op maat gemaakte end-to-end supply chain-oplossingen. We integreren vrachtvervoer met operationele oplossingen en bieden opslagfaciliteiten voor gevaarlijke en niet-gevaarlijke goederen, Value-Added Logistics (VAL) en Value Added Services (VAS), naast technische assemblage. Om de directe overdracht van goederen van inkomende luchtverzending naar uitgaand transport te stroomlijnen bevordert cross-docking een soepele verbinding met eindbestemmingen.<\/p>\n<\/div>\n\t\t\t\t\t\t\t<\/div>\n\t\t<\/div>\n\n\t\t<img decoding=\"async\" width=\"2560\" height=\"1378\" src=\"https:\/\/testbroekman.nl\/wp-content\/uploads\/2023\/10\/International-Freight-Forwarding-Air-Freight--scaled.jpg\" class=\"w-full lg:w-1\/2 cols-span-12 aspect-square relative object-cover\" alt=\"International Freight Forwarding - Air Freight\" srcset=\"https:\/\/testbroekman.nl\/wp-content\/uploads\/2023\/10\/International-Freight-Forwarding-Air-Freight--scaled.jpg 2560w, https:\/\/testbroekman.nl\/wp-content\/uploads\/2023\/10\/International-Freight-Forwarding-Air-Freight--300x161.jpg 300w, https:\/\/testbroekman.nl\/wp-content\/uploads\/2023\/10\/International-Freight-Forwarding-Air-Freight--1024x551.jpg 1024w, https:\/\/testbroekman.nl\/wp-content\/uploads\/2023\/10\/International-Freight-Forwarding-Air-Freight--768x413.jpg 768w, https:\/\/testbroekman.nl\/wp-content\/uploads\/2023\/10\/International-Freight-Forwarding-Air-Freight--1536x827.jpg 1536w, https:\/\/testbroekman.nl\/wp-content\/uploads\/2023\/10\/International-Freight-Forwarding-Air-Freight--2048x1102.jpg 2048w, https:\/\/testbroekman.nl\/wp-content\/uploads\/2023\/10\/International-Freight-Forwarding-Air-Freight--1440x775.jpg 1440w\" sizes=\"(max-width: 2560px) 100vw, 2560px\" \/>\n\t<\/div>\n<\/section>\n\n\n\t<section class=\"section content-image white\">\n\t\t<div class=\"container\">\n            <div class=\"content-image__container flex md:gap-20 items-center w-full  md:flex-row-reverse  max-md:flex-col gap-10\">\n                <div class=\" md:w-[50%]  content-image__content\">\n                    <div class=\"flex flex-col-reverse mb-6 \">\n                        <h2 aria-level=\"2\" class=\"title [&#038;_strong]:text-[var(--page-color)] [&#038;_strong]:font-semibold text-brandPrimary leading-[48px]\">Klantspecifieke luchtvracht-services\n<\/h2><h3 aria-level=\"3\" class=\"subtitle text-p mb-1 text-[var(--page-color)] font-semibold\">Expertise<\/h3>\n                    <\/div>\n\n                                            <div class=\"content [&#038;>p]:leading-7 &#8220;><p>Wij bieden op maat gemaakte end-to-end freight forwarding-oplossinen en samen met u kijken we verder dan uw typische internationale zendingen. Wij verzorgen licenties, douane, documentatie, verzekeringen, certificaten en etikettering, zodat uw producten op tijd de gewenste bestemming bereiken:<\/p>\n<ul>\n<li>Door-to-door delivery<\/li>\n<li>Afhandeling van gevaarlijke en niet-gevaarlijke goederen<\/li>\n<li>Import en export<\/li>\n<li>Cross-docking<\/li>\n<li>Time-definite services<\/li>\n<li>Geconsolideerde air freight services<\/li>\n<li>Air chartering<\/li>\n<li>Projectlogistiek<\/li>\n<li>On-site security screening<\/li>\n<li>Douane-afhandeling en documentatie<\/li>\n<li>Fiscale representatie<\/li>\n<\/ul>\n<\/div>\n                    \n                                    <\/div>\n\n                                    <div class=\" md:w-[calc(50%-80px)] \">\n                             \n                                                            <img decoding=\"async\" width=\"1800\" height=\"1350\" src=\"https:\/\/testbroekman.nl\/wp-content\/uploads\/2023\/10\/Customs-Clearance-Fiscal-Representation-HQ-2.jpg\" class=\"h-full w-full aspect-square object-cover content-image__image\" alt=\"Customs Clearance - Fiscal Representation - HQ (2)\" srcset=\"https:\/\/testbroekman.nl\/wp-content\/uploads\/2023\/10\/Customs-Clearance-Fiscal-Representation-HQ-2.jpg 1800w, https:\/\/testbroekman.nl\/wp-content\/uploads\/2023\/10\/Customs-Clearance-Fiscal-Representation-HQ-2-300x225.jpg 300w, https:\/\/testbroekman.nl\/wp-content\/uploads\/2023\/10\/Customs-Clearance-Fiscal-Representation-HQ-2-1024x768.jpg 1024w, https:\/\/testbroekman.nl\/wp-content\/uploads\/2023\/10\/Customs-Clearance-Fiscal-Representation-HQ-2-768x576.jpg 768w, https:\/\/testbroekman.nl\/wp-content\/uploads\/2023\/10\/Customs-Clearance-Fiscal-Representation-HQ-2-1536x1152.jpg 1536w, https:\/\/testbroekman.nl\/wp-content\/uploads\/2023\/10\/Customs-Clearance-Fiscal-Representation-HQ-2-1080x810.jpg 1080w\" sizes=\"(max-width: 1800px) 100vw, 1800px\" \/>\n                                                                        <\/div>\n                            <\/div>\n\t\t<\/div>\n\t<\/section>\n\n\n\t<section class=\"section content-image white\">\n\t\t<div class=\"container\">\n            <div class=\"content-image__container flex md:gap-20 items-center w-full  max-md:flex-col gap-10\">\n                <div class=\" md:w-[50%]  content-image__content\">\n                    <div class=\"flex flex-col-reverse mb-6 \">\n                        <h2 aria-level=\"2\" class=\"title [&#038;_strong]:text-[var(--page-color)] [&#038;_strong]:font-semibold text-brandPrimary leading-[48px]\">Luchtbevrachtingsdiensten\n<\/h2><h3 aria-level=\"3\" class=\"subtitle text-p mb-1 text-[var(--page-color)] font-semibold\">Expertise<\/h3>\n                    <\/div>\n\n                                            <div class=\"content [&#038;>p]:leading-7 &#8220;><p>Wij bieden op maat gemaakte end-to-end supply chain-oplossingen in de machine-, chemische en industri\u00eble sector. Wij vervoeren uw luchtvracht met onze charterdiensten:Full charter or split charter services:<\/p>\n<ul>\n<li>Time-sensitive shipments<\/li>\n<li>Temperature-controlled transport<\/li>\n<li>Op maat gemaakte routeplanning<\/li>\n<li>Security screening<\/li>\n<\/ul>\n<\/div>\n                    \n                                    <\/div>\n\n                                    <div class=\" md:w-[calc(50%-80px)] \">\n                             \n                                                            <img decoding=\"async\" width=\"750\" height=\"500\" src=\"https:\/\/testbroekman.nl\/wp-content\/uploads\/2023\/11\/Air-cargo-LR-stock.jpg\" class=\"h-full w-full aspect-square object-cover content-image__image\" alt=\"\" srcset=\"https:\/\/testbroekman.nl\/wp-content\/uploads\/2023\/11\/Air-cargo-LR-stock.jpg 750w, https:\/\/testbroekman.nl\/wp-content\/uploads\/2023\/11\/Air-cargo-LR-stock-300x200.jpg 300w\" sizes=\"(max-width: 750px) 100vw, 750px\" \/>\n                                                                        <\/div>\n                            <\/div>\n\t\t<\/div>\n\t<\/section>\n\n\n<section class=\"section bg-background\">\n\t<div class=\"container gap-x-5 gap-y-6 grid grid-cols-12\">\n\t\t\t\t\t<div class=\" col-span-12 md:col-span-7\"><h2 aria-level=\"2\" class=\"title [&#038;_strong]:text-[var(--page-color)] [&#038;_strong]:font-semibold font-semibold text-brandPrimary leading-[48px]\">Actief lid van uitstekende netwerken van agenten\n<\/h2><\/div>\n\t\t\n\t\t\n\t\t\t\t\t<div class=\"content col-span-12 md:col-span-9\">\n\t\t\t\t<p>Wij leveren logistieke diensten via een uitgebreid wereldwijd netwerk van partners en agenten, dat we door de jaren heen met trots hebben opgebouwd. Hierdoor kunnen wij uw goederen op elke gewenste bestemming afleveren en tegelijkertijd aan uw logistieke behoeften voldoen.<\/p>\n<p>Transporteer uw lading naar de volgende bestemmingen:<\/p>\n<p><strong>Continent Afrika:<\/strong>\u00a0Egypte, Nigeria en Zuid-Afrika<\/p>\n<p><strong>Continent Azi\u00eb:<\/strong>\u00a0China, Hongkong, India, Indonesi\u00eb, Japan, Maleisi\u00eb, Singapore, Taiwan, Thailand, Vietnam en Zuid-Korea<\/p>\n<p><strong>Continent Europa:<\/strong>\u00a0Belgi\u00eb, Duitsland, Frankrijk, Luxemburg, Polen, Scandinavi\u00eb, Turkije en Tsjechi\u00eb<\/p>\n<p><strong>Continent Noord-Amerika:<\/strong>\u00a0Canada, Mexico, Nederlandse Antillen en Verenigde Staten<\/p>\n<p><strong>Continent Zuid-Amerika:<\/strong>\u00a0Argentini\u00eb, Brazili\u00eb, Chili, Colombia, Ecuador, Peru en Uruguay<\/p>\n\n\t\t\t<\/div>\n\t\t\t<\/div>\n<\/section>\n\n\n    <section class=\"section white\">\n        <div class=\"container\">\n\n            <div class=\"p-5 bg-white md:p-10 shadow-bannerTextBlock\">\n                <div class=\" xl:flex xl:justify-center \">\n                <h2 aria-level=\"2\" class=\"title [&#038;_strong]:text-[var(--page-color)] [&#038;_strong]:font-semibold text-brandPrimary text-h2 mb-10\">Neem contact op met onze expert in uw regio\n<\/h2>\n                <\/div>\n                <div class=\"swiper slider contact-experts-slider\">\n                    <div class=\"swiper-wrapper\">\n                                                    <div class=\"swiper-slide\">\n                                <div class=\"max-w-[237px]\">\n                                                                            <img decoding=\"async\" width=\"1053\" height=\"967\" src=\"https:\/\/testbroekman.nl\/wp-content\/uploads\/2023\/10\/Smile-05-10-2023625031-min-2-e1699457325461.jpg\" class=\"h-[112px] w-[112px] object-cover rounded-full border-[3px] border-neutral-0 mb-3\" alt=\"\" srcset=\"https:\/\/testbroekman.nl\/wp-content\/uploads\/2023\/10\/Smile-05-10-2023625031-min-2-e1699457325461.jpg 1053w, https:\/\/testbroekman.nl\/wp-content\/uploads\/2023\/10\/Smile-05-10-2023625031-min-2-e1699457325461-300x275.jpg 300w, https:\/\/testbroekman.nl\/wp-content\/uploads\/2023\/10\/Smile-05-10-2023625031-min-2-e1699457325461-1024x940.jpg 1024w, https:\/\/testbroekman.nl\/wp-content\/uploads\/2023\/10\/Smile-05-10-2023625031-min-2-e1699457325461-768x705.jpg 768w, https:\/\/testbroekman.nl\/wp-content\/uploads\/2023\/10\/Smile-05-10-2023625031-min-2-e1699457325461-882x810.jpg 882w\" sizes=\"(max-width: 1053px) 100vw, 1053px\" \/>\n                                                                                                                <h4 class=\"mb-3 font-semibold text-brandPrimary text-h4\">Tomas van der Maarel<\/h4>\n                                                                                                                <div class=\"mb-3 text-h5\">The Netherlands<\/div>\n                                                                                                                                                         <a href=\"https:\/\/testbroekman.nl\/nl\/tomas-van-der-maarel\/\" target=\"\" class=\"btn btn--cta\">\n                                            Neem contact op\n                                        <\/a>\n                                                                    <\/div>\n                            <\/div>\n                                                    <div class=\"swiper-slide\">\n                                <div class=\"max-w-[237px]\">\n                                                                            <img decoding=\"async\" width=\"306\" height=\"365\" src=\"https:\/\/testbroekman.nl\/wp-content\/uploads\/2024\/01\/Peter-de-e1704723286889.jpg\" class=\"h-[112px] w-[112px] object-cover rounded-full border-[3px] border-neutral-0 mb-3\" alt=\"\" srcset=\"https:\/\/testbroekman.nl\/wp-content\/uploads\/2024\/01\/Peter-de-e1704723286889.jpg 306w, https:\/\/testbroekman.nl\/wp-content\/uploads\/2024\/01\/Peter-de-e1704723286889-252x300.jpg 252w\" sizes=\"(max-width: 306px) 100vw, 306px\" \/>\n                                                                                                                <h4 class=\"mb-3 font-semibold text-brandPrimary text-h4\">Peter de Cock<\/h4>\n                                                                                                                <div class=\"mb-3 text-h5\">The Netherlands<\/div>\n                                                                                                                                                         <a href=\"https:\/\/testbroekman.nl\/nl\/peter-de-cock\/\" target=\"\" class=\"btn btn--cta\">\n                                            Neem contact op\n                                        <\/a>\n                                                                    <\/div>\n                            <\/div>\n                                                    <div class=\"swiper-slide\">\n                                <div class=\"max-w-[237px]\">\n                                                                            <img decoding=\"async\" width=\"451\" height=\"448\" src=\"https:\/\/testbroekman.nl\/wp-content\/uploads\/2023\/10\/Schermafbeelding-2024-01-16-160220.png\" class=\"h-[112px] w-[112px] object-cover rounded-full border-[3px] border-neutral-0 mb-3\" alt=\"\" srcset=\"https:\/\/testbroekman.nl\/wp-content\/uploads\/2023\/10\/Schermafbeelding-2024-01-16-160220.png 451w, https:\/\/testbroekman.nl\/wp-content\/uploads\/2023\/10\/Schermafbeelding-2024-01-16-160220-300x298.png 300w, https:\/\/testbroekman.nl\/wp-content\/uploads\/2023\/10\/Schermafbeelding-2024-01-16-160220-150x150.png 150w\" sizes=\"(max-width: 451px) 100vw, 451px\" \/>\n                                                                                                                <h4 class=\"mb-3 font-semibold text-brandPrimary text-h4\">Rob Schellingerhout<\/h4>\n                                                                                                                <div class=\"mb-3 text-h5\">The Netherlands<\/div>\n                                                                                                                                                         <a href=\"https:\/\/testbroekman.nl\/nl\/rob-schellingerhout\/\" target=\"\" class=\"btn btn--cta\">\n                                            Neem contact op\n                                        <\/a>\n                                                                    <\/div>\n                            <\/div>\n                                            <\/div>\n\n                    <div class=\"flex items-center justify-between mt-5 md:mt-10\">\n                        <div><\/div>\n                        <div class=\"flex gap-8 [&#038;>div]:rounded-md [&#038;>div]:w-[48px] [&#038;>div]:h-[48px] [&#038;>div]:border-2 [&#038;>div]:flex [&#038;>div]:items-center [&#038;>div]:justify-center [&#038;>div:hover]:bg-brandPrimary [&#038;>div]:transition-all [&#038;>div:hover]:text-white [&#038;>div]:border-brandPrimary text-brandPrimary  text-brandPrimary  [&#038;>div]:cursor-pointer&#8221;>\n                            <div class=\"slider__button--prev\">\n                                <span class=\"material-symbols-rounded\">arrow_back<\/span>\n                            <\/div>\n                            <div class=\"slider__button--next\">\n                                <span class=\"material-symbols-rounded\">arrow_forward<\/span>\n                            <\/div>\n                        <\/div>\n                    <\/div>\n                <\/div>\n            <\/div>\n        <\/div>\n    <\/section>\n","protected":false},"excerpt":{"rendered":"","protected":false},"author":14,"featured_media":0,"parent":3739,"menu_order":70,"comment_status":"closed","ping_status":"closed","template":"","meta":{"footnotes":""},"class_list":["post-3764","page","type-page","status-publish","hentry"],"acf":[],"yoast_head":"<!-- This site is optimized with the Yoast SEO plugin v21.1 - https:\/\/yoast.com\/wordpress\/plugins\/seo\/ -->\n<title>Amsterdam - Broekman Logistics<\/title>\n<meta name=\"description\" content=\"Ontdek onze locatie in Amsterdam, Nederland. Broekman Logistics, uw wereldwijde logistieke partner voor succes\" \/>\n<meta name=\"robots\" content=\"noindex, follow, max-snippet:-1, max-image-preview:large, max-video-preview:-1\" \/>\n<meta property=\"og:locale\" content=\"nl_NL\" \/>\n<meta property=\"og:type\" content=\"article\" \/>\n<meta property=\"og:title\" content=\"Amsterdam - Broekman Logistics\" \/>\n<meta property=\"og:description\" content=\"Ontdek onze locatie in Amsterdam, Nederland. Broekman Logistics, uw wereldwijde logistieke partner voor succes\" \/>\n<meta property=\"og:url\" content=\"https:\/\/testbroekman.nl\/nl\/over-ons\/locaties\/nederland\/amsterdam\/\" \/>\n<meta property=\"og:site_name\" content=\"Broekman Logistics\" \/>\n<meta property=\"article:publisher\" content=\"https:\/\/www.facebook.com\/BroekmanLogistics\/\" \/>\n<meta property=\"article:modified_time\" content=\"2024-01-16T15:06:30+00:00\" \/>\n<meta name=\"twitter:card\" content=\"summary_large_image\" \/>\n<!-- \/ Yoast SEO plugin. -->","yoast_head_json":{"title":"Amsterdam - Broekman Logistics","description":"Ontdek onze locatie in Amsterdam, Nederland. Broekman Logistics, uw wereldwijde logistieke partner voor succes","robots":{"index":"noindex","follow":"follow","max-snippet":"max-snippet:-1","max-image-preview":"max-image-preview:large","max-video-preview":"max-video-preview:-1"},"og_locale":"nl_NL","og_type":"article","og_title":"Amsterdam - Broekman Logistics","og_description":"Ontdek onze locatie in Amsterdam, Nederland. Broekman Logistics, uw wereldwijde logistieke partner voor succes","og_url":"https:\/\/testbroekman.nl\/nl\/over-ons\/locaties\/nederland\/amsterdam\/","og_site_name":"Broekman Logistics","article_publisher":"https:\/\/www.facebook.com\/BroekmanLogistics\/","article_modified_time":"2024-01-16T15:06:30+00:00","twitter_card":"summary_large_image","schema":{"@context":"https:\/\/schema.org","@graph":[{"@type":"WebPage","@id":"https:\/\/testbroekman.nl\/nl\/over-ons\/locaties\/nederland\/amsterdam\/","url":"https:\/\/testbroekman.nl\/nl\/over-ons\/locaties\/nederland\/amsterdam\/","name":"Amsterdam - Broekman Logistics","isPartOf":{"@id":"https:\/\/testbroekman.nl\/#website"},"datePublished":"2023-10-25T14:27:40+00:00","dateModified":"2024-01-16T15:06:30+00:00","description":"Ontdek onze locatie in Amsterdam, Nederland. Broekman Logistics, uw wereldwijde logistieke partner voor succes","breadcrumb":{"@id":"https:\/\/testbroekman.nl\/nl\/over-ons\/locaties\/nederland\/amsterdam\/#breadcrumb"},"inLanguage":"nl-NL","potentialAction":[{"@type":"ReadAction","target":["https:\/\/testbroekman.nl\/nl\/over-ons\/locaties\/nederland\/amsterdam\/"]}]},{"@type":"BreadcrumbList","@id":"https:\/\/testbroekman.nl\/nl\/over-ons\/locaties\/nederland\/amsterdam\/#breadcrumb","itemListElement":[{"@type":"ListItem","position":1,"name":"Broekman Logistics","item":"https:\/\/testbroekman.nl\/nl\/"},{"@type":"ListItem","position":2,"name":"Over ons","item":"https:\/\/testbroekman.nl\/nl\/over-ons\/"},{"@type":"ListItem","position":3,"name":"Locaties","item":"https:\/\/testbroekman.nl\/nl\/over-ons\/locaties\/"},{"@type":"ListItem","position":4,"name":"Nederland","item":"https:\/\/testbroekman.nl\/nl\/over-ons\/locaties\/nederland\/"},{"@type":"ListItem","position":5,"name":"Amsterdam"}]},{"@type":"WebSite","@id":"https:\/\/testbroekman.nl\/#website","url":"https:\/\/testbroekman.nl\/","name":"Broekman Logistics","description":"","publisher":{"@id":"https:\/\/testbroekman.nl\/#organization"},"potentialAction":[{"@type":"SearchAction","target":{"@type":"EntryPoint","urlTemplate":"https:\/\/testbroekman.nl\/?s={search_term_string}"},"query-input":"required name=search_term_string"}],"inLanguage":"nl-NL"},{"@type":"Organization","@id":"https:\/\/testbroekman.nl\/#organization","name":"Broekman Logistics","url":"https:\/\/testbroekman.nl\/","logo":{"@type":"ImageObject","inLanguage":"nl-NL","@id":"https:\/\/testbroekman.nl\/#\/schema\/logo\/image\/","url":"https:\/\/testbroekman.nl\/wp-content\/uploads\/2023\/09\/logo-default-positive@3x.png","contentUrl":"https:\/\/testbroekman.nl\/wp-content\/uploads\/2023\/09\/logo-default-positive@3x.png","width":516,"height":144,"caption":"Broekman Logistics"},"image":{"@id":"https:\/\/testbroekman.nl\/#\/schema\/logo\/image\/"},"sameAs":["https:\/\/www.facebook.com\/BroekmanLogistics\/","https:\/\/www.instagram.com\/broekmanlogistics\/","https:\/\/www.linkedin.com\/company\/broekman-logistics\/"]}]}},"_links":{"self":[{"href":"https:\/\/testbroekman.nl\/nl\/wp-json\/wp\/v2\/pages\/3764","targetHints":{"allow":["GET"]}}],"collection":[{"href":"https:\/\/testbroekman.nl\/nl\/wp-json\/wp\/v2\/pages"}],"about":[{"href":"https:\/\/testbroekman.nl\/nl\/wp-json\/wp\/v2\/types\/page"}],"author":[{"embeddable":true,"href":"https:\/\/testbroekman.nl\/nl\/wp-json\/wp\/v2\/users\/14"}],"replies":[{"embeddable":true,"href":"https:\/\/testbroekman.nl\/nl\/wp-json\/wp\/v2\/comments?post=3764"}],"version-history":[{"count":0,"href":"https:\/\/testbroekman.nl\/nl\/wp-json\/wp\/v2\/pages\/3764\/revisions"}],"up":[{"embeddable":true,"href":"https:\/\/testbroekman.nl\/nl\/wp-json\/wp\/v2\/pages\/3739"}],"wp:attachment":[{"href":"https:\/\/testbroekman.nl\/nl\/wp-json\/wp\/v2\/media?parent=3764"}],"curies":[{"name":"wp","href":"https:\/\/api.w.org\/{rel}","templated":true}]}}