{"id":3750,"date":"2023-11-02T15:45:59","date_gmt":"2023-11-02T15:45:59","guid":{"rendered":"https:\/\/broekmanlogist.wpengine.com\/?page_id=3750"},"modified":"2024-09-12T09:02:55","modified_gmt":"2024-09-12T09:02:55","slug":"terms-and-conditions","status":"publish","type":"page","link":"https:\/\/testbroekman.nl\/nl\/terms-and-conditions\/","title":{"rendered":"Terms and conditions"},"content":{"rendered":"<section class=\"section white\">\n\t<div class=\"container gap-x-5 gap-y-6 grid grid-cols-12\">\n\t\t\n\t\t\n\t\t\t\t\t<div class=\"content col-span-12 md:col-span-9\">\n\t\t\t\t<div class=\"row\">\n<div class=\"column small-12 large-7 large-offset-1\">\n<h3 class=\"upper\">Terms and Conditions<\/h3>\n<p class=\"upper\">Terms and Conditions for the various entities of Broekman Logistics in Belgium and the Netherlands.<\/p>\n<\/div>\n<\/div>\n<div class=\"row\">\n<h3 class=\"column small-12 large-7 large-offset-1\">Broekman Logistics Amsterdam BV<\/h3>\n<article class=\"column small-12 large-7 large-offset-1\">All our business activities performed, unless differently agreed in writing, are subject depending on the nature of the activities to the following terms and conditions: 1. Forwarding activities: the latest version of the Dutch Forwarding Conditions, 2. Warehouse and storage activities: the Dutch Warehousing Conditions, including the arbitration clause, as deposited by FENEX at the registry of the district court in Rotterdam and 3. Physical distribution activities: the Physical Distribution Conditions, as deposited by the Physical Distribution Group at the registry of the district court in Rotterdam. The conditions will be send to you upon request. Registered in the commercial register of Rotterdam under nr. 24297808 (see below for terms &amp; conditions in pdf).<\/p>\n<h3>Broekman Logistics Rotterdam BV (Forwarding Rotterdam)<\/h3>\n<p>All our business activities performed, unless differently agreed in writing, are subject to the latest version of the Dutch Forwarding Conditions, including the arbitration clause, as deposited by FENEX at the registry of the district court in Rotterdam. The conditions will be send to you upon request. Registered in the commercial register of Rotterdam under nr. 24369298\u00a0(see below for terms &amp; conditions in pdf).<\/p>\n<h3>Broekman Logistics Division BV<\/h3>\n<p>All our business activities performed, unless differently agreed in writing, are subject to the latest version of the Dutch Forwarding Conditions, including the arbitration clause, as deposited by FENEX at the registry of the district court in Rotterdam. The conditions will be send to you upon request. Registered in the commercial register of Rotterdam under nr. 24369298\u00a0(see below for terms &amp; conditions in pdf).<\/p>\n<h3>Broekman Shipping BV<\/h3>\n<p>All our business activities performed, unless differently agreed in writing, are subject to the latest version of the General Conditions and Rules for Dutch Shipbrokers and Agents, including the arbitration clause, as deposited by United Dutch Shipbrokers and Agents at the registry of the district court in Rotterdam. The conditions will be send to you upon request. Registered in the commercial register of Rotterdam under nr. 24194505\u00a0(see below for terms &amp; conditions in pdf).<\/p>\n<h3>Broekman Logistics Maasvlakte BV<\/h3>\n<p>All our business activities performed, unless differently agreed in writing, are subject depending on the nature of the activities to the following terms and conditions: 1. Forwarding activities: the latest version of the Dutch Forwarding Conditions, 2. Warehouse and storage activities: Dutch Warehousing Conditions, including the arbitration clause, as deposited by FENEX at the registry of the district court in Rotterdam. The conditions will be send to you upon request. Registered in the commercial register of Rotterdam under nr. 24222748\u00a0(see below for terms &amp; conditions in pdf).<\/p>\n<h3>Broekman Logistics Limburg BV<\/h3>\n<p>All our business activities performed, unless differently agreed in writing, are subject depending on the nature of the activities to the following terms and conditions: 1. Forwarding activities: the latest version of the Dutch Forwarding Conditions, 2. Warehouse and storage activities: Dutch Warehousing Conditions, including the arbitration clause, as deposited by FENEX at the registry of the district court in Rotterdam. The conditions will be send to you upon request. Registered in the commercial register of Rotterdam under nr. 24143675\u00a0(see below for terms &amp; conditions in pdf).<\/p>\n<h3>Broekman Logistics Venlo BV<\/h3>\n<p>All our business activities performed, unless differently agreed in writing, are subject depending on the nature of the activities to the following terms and conditions: 1. Forwarding activities: the latest versions of the Dutch Forwarding Conditions, including the arbitration clause, as deposited by FENEX at the registry of the district court in Rotterdam, 2. Physical distribution activities: the Physical Distribution Conditions, as deposited by the Physical Distribution Group at the registry of the district court in Rotterdam, 3. Carriage by road : the General Conditions of Transport (AVC, on national road) and the provision of the CMR convention (on international road), as deposited by Stichting Vervoeradres, at the registry of the district court in Rotterdam. The conditions will be send to you upon request. Registered at the Chamber of Commerce Limburg under nr. 72203374 (see below for terms &amp; conditions in pdf).<\/p>\n<h3>Broekman Distribution Services BV<\/h3>\n<p>All our business activities performed, unless differently agreed in writing, are subject depending on the nature of the activities to the following terms and conditions: 1. Forwarding activities: the latest versions of the Dutch Forwarding Conditions, including the arbitration clause, as deposited by FENEX at the registry of the district court in Rotterdam, 2. Physical distribution activities: the Physical Distribution Conditions, as deposited by the Physical Distribution Group at the registry of the district court in Rotterdam, 3. Carriage by road: the General Conditions of Transport (AVC, on national road) and the provision of the CMR convention (on international road), as deposited by Stichting Vervoeradres, at the registry of the district court in Rotterdam. The conditions will be send to you upon request. Registered at the Chamber of Commerce Gelderland under nr. 11057456\u00a0(see below for terms &amp; conditions in pdf).<\/p>\n<h3>Broekman Eemshaven Services BV<\/h3>\n<p>All our business activities performed, unless differently agreed in writing, are subject depending on the nature of the activities to the following terms and conditions: 1. Forwarding activities: the latest versions of the Dutch Forwarding Conditions, including the arbitration clause, as deposited by FENEX at the registry of the district court in Rotterdam, 2. Shipbrokers and agency activities: the General Conditions and Rules for Dutch Shipbrokers and Agents, as deposited by United Dutch Shipbrokers and Agents at the registry of the district court in Rotterdam, 3. Cargo handling, storage, stripping and stuffing activities: the General Conditions of the Association of Rotterdam Stevedores 1976, as deposited by Vereniging van Rotterdamse Stuwadoors at the registry of the district court in Rotterdam.<\/p>\n<h3>Broekman Logistics Customs BV<\/h3>\n<p>All our business activities performed, unless differently agreed in writing, are subject to the latest version of the Dutch Forwarding Conditions, including the arbitration clause, as deposited by FENEX at the registry of the district court in Rotterdam. The conditions will be send to you upon request. Registered in the commercial register of Rotterdam under nr. 24320848\u00a0(see below for terms &amp; conditions in pdf).<\/p>\n<h3>Broekman Breakbulk Terminals BV<\/h3>\n<p>All our business activities performed, unless differently agreed in writing, are subject depending on the nature of the activities to the following terms and conditions: 1. Forwarding activities: the latest versions of the Dutch Forwarding Conditions, including the arbitration clause, as deposited by FENEX at the registry of the district court in Rotterdam, 2. Shipbrokers and agency activities: the General Conditions and Rules for Dutch Shipbrokers and Agents, as deposited by United Dutch Shipbrokers and Agents at the registry of the district court in Rotterdam, 3. Cargo handling, storage, stripping and stuffing activities: the General Conditions of the Association of Rotterdam Stevedores 1976, as deposited by Vereniging van Rotterdamse Stuwadoors at the registry of the district court in Rotterdam, 4. Sheerlegs involved activities: Conditions for the use of floating sheerlegs 1976, as deposited at the registry of the district court in Rotterdam, 5. Road haulage activities : the General Conditions of Transport (AVC) as deposited by Stichting Vervoeradres, at the registry of the district court in Rotterdam. The conditions will be send to you upon request. Registered in the commercial register of Rotterdam under nr. 24270399\u00a0(see below for terms &amp; conditions in pdf).<\/p>\n<h3>Broekman Project Services BV<\/h3>\n<p>All our business activities performed, unless differently agreed in writing, are subject depending on the nature of the activities to the following terms and conditions: 1. Forwarding activities: the latest versions of the Dutch Forwarding Conditions, including the arbitration clause, as deposited by FENEX at the registry of the district court in Rotterdam, 2. Shipbrokers and agency activities: the General Conditions and Rules for Dutch Shipbrokers and Agents, as deposited by United Dutch Shipbrokers and Agents at the registry of the district court in Rotterdam, 3. Cargo handling, storage, stripping and stuffing activities: the General Conditions of the Association of Rotterdam Stevedores 1976, as deposited by Vereniging van Rotterdamse Stuwadoors at the registry of the district court in Rotterdam, 4. Sheerlegs involved activities: Conditions for the use of floating sheerlegs 1976, as deposited at the registry of the district court in Rotterdam, 5. Road haulage activities: the General Conditions of Transport (AVC) as deposited by Stichting Vervoeradres, at the registry of the district court in Rotterdam. The conditions will be send to you upon request. Registered in the commercial register of Rotterdam under nr. 24281113\u00a0(see below for terms &amp; conditions in pdf).<\/p>\n<h3>LINKS TO OTHER\u00a0TERMS AND CONDITIONS<\/h3>\n<p><strong>FENEX TERMS AND CONDITIONS<br \/>\n<\/strong>Dutch Forwarding Conditions by FENEX (<a title=\"Open the Dutch Forwarding Conditions by Fenex (English)\" href=\"https:\/\/testbroekman.nl\/wp-content\/uploads\/2023\/11\/Dutch-Forwarding-Conditions-by-FENEX-English-.pdf\" target=\"_blank\" rel=\"noopener\">English<\/a>)<br \/>\nDutch Forwarding Conditions by FENEX (<a title=\"Open the Dutch Forwarding Conditions by Fenex (Dutch)\" href=\"https:\/\/testbroekman.nl\/wp-content\/uploads\/2023\/11\/Dutch-Forwarding-Conditions-by-FENEX-Dutch-.pdf\" target=\"_blank\" rel=\"noopener\">Dutch<\/a>)<br \/>\nDutch Warehousing Conditions by FENEX (<a title=\"Open the Dutch Warehousing Conditions by Fenex (English)\" href=\"https:\/\/testbroekman.nl\/wp-content\/uploads\/2023\/11\/Dutch-Warehousing-Conditions-by-FENEX-English-.pdf\" target=\"_blank\" rel=\"noopener\">English<\/a>)<br \/>\nDutch Warehousing Conditions by FENEX (<a title=\"Open the Dutch Warehousing Conditions by Fenex (Dutch)\" href=\"https:\/\/testbroekman.nl\/wp-content\/uploads\/2023\/11\/Dutch-Warehousing-Conditions-by-FENEX-Dutch-.pdf\" target=\"_blank\" rel=\"noopener\">Dutch<\/a>)<\/p>\n<p><strong>PHYSICAL DISTRIBUTION GROUP<br \/>\n<\/strong>Physical Distribution Conditions by Physical Distribution Group (<a title=\"Open the Physical Distribution Conditions (English)\" href=\"https:\/\/testbroekman.nl\/wp-content\/uploads\/2024\/09\/6037-Physical-Distribution-Conditions-A4-web.pdf\" target=\"_blank\" rel=\"noopener\">English<\/a>)<\/p>\n<p><strong>UNITED DUTCH SHIPBROKERS AND AGENTS<\/strong><\/p>\n<p>General Conditions and Rules for Dutch Shipbrokers and Agents by United Dutch Shipbrokers and Agents (<a title=\"Open the General Conditions and Rules for Dutch Shipbrokers and Agents (English)\" href=\"https:\/\/www.shipagents.nl\/wp-content\/uploads\/2021\/08\/VRC-Cargadoorsvoorwaarden-A5-Boekje_Eng_01.pdf\" target=\"_blank\" rel=\"noopener\">English<\/a>)<br \/>\nGeneral Conditions and Rules for Dutch Shipbrokers and Agents by United Dutch Shipbrokers and Agents (<a title=\"Open the General Conditions and Rules for Dutch Shipbrokers and Agents (English)\" href=\"https:\/\/www.shipagents.nl\/wp-content\/uploads\/2021\/08\/VRC-Cargadoorsvoorwaarden-A5-Boekje_NL_01.pdf\" target=\"_blank\" rel=\"noopener\">Dutch<\/a>)<\/p>\n<p><strong>ROTTERDAM STEVEDORING CONDITIONS 1976<\/strong><br \/>\nGeneral Conditions of the Association of Rotterdam Stevedores 1976 by Vereniging van Rotterdamse Stuwadoors (<a title=\"Open the General Conditions of the Association of Rotterdam Stevedores 1976 (English)\" href=\"https:\/\/testbroekman.nl\/wp-content\/uploads\/2023\/11\/Rotterdam-Stevedores-Conditions-English-.pdf\" target=\"_blank\" rel=\"noopener\">English<\/a>)<br \/>\nGeneral Conditions of the Association of Rotterdam Stevedores 1976 by Vereniging van Rotterdamse Stuwadoors (<a title=\"Open the General Conditions of the Association of Rotterdam Stevedores 1976 by Vereniging van Rotterdamse Stuwadoors (Dutch)\" href=\"https:\/\/testbroekman.nl\/wp-content\/uploads\/2023\/11\/Rotterdanse-Stuwadoorscondities-Dutch-.pdf\" target=\"_blank\" rel=\"noopener\">Dutch<\/a>)<\/p>\n<p><strong>GENERAL FLOATING CRANE CONDITIONS<\/strong><br \/>\nConditions for the use of floating sheerlegs 1976 (<a title=\"Open the Conditions for the Use of Floating Sheerlegs 1976 (English)\" href=\"https:\/\/testbroekman.nl\/wp-content\/uploads\/2023\/11\/Conditions-for-the-use-of-floating-sheerlegs-1976-English-1.pdf\" target=\"_blank\" rel=\"noopener\">English<\/a>)<br \/>\nBokkengebruikvoorwaarden 1976 (<a title=\"Open the Bokkengebruikvoorwaarden 1976 (Dutch)\" href=\"https:\/\/testbroekman.nl\/wp-content\/uploads\/2023\/11\/Bokkengebruikvoorwaarden-1976-Dutch-.pdf\" target=\"_blank\" rel=\"noopener\">Dutch<\/a>)<\/p>\n<p><strong>VOTOB TANK STORAGE CONDITIONS<\/strong><br \/>\nGeneral Terms and Conditions for Tank Storage in the Netherlands (<a href=\"https:\/\/testbroekman.nl\/wp-content\/uploads\/2024\/09\/VOTOB-GENERAL-CONDITIONS-2023-English.pdf\" target=\"_blank\" rel=\"noopener\">English<\/a>)<br \/>\nAlgemene Voorwaarden voor Tankopslag in Nederland (<a href=\"https:\/\/testbroekman.nl\/wp-content\/uploads\/2024\/09\/VOTOB-ALGEMENE-VOORWAARDEN-2023-DEF-1.pdf\" target=\"_blank\" rel=\"noopener\">Dutch<\/a>)<\/p>\n<p><strong>VOTOB JETTY CONDITIONS<\/strong><br \/>\nJetty Conditions of the Association of Dutch Tank Storage Companies (<a href=\"https:\/\/testbroekman.nl\/wp-content\/uploads\/2024\/09\/Engels-Steigercondities-2021.pdf\" target=\"_blank\" rel=\"noopener\">English<\/a>)<br \/>\nSteigercondities van de Vereniging van Tankopslagbedrijven (<a href=\"https:\/\/testbroekman.nl\/wp-content\/uploads\/2024\/09\/Steigercondities-VOTOB.pdf\" target=\"_blank\" rel=\"noopener\">Dutch<\/a>)<\/p>\n<p><strong>STICHTING VERVOERSADRES<\/strong><br \/>\nRoad haulage activities: the General Conditions of Transport (CMR) as deposited by \u201cStichting Vervoeradres\u201d, at the registry of the district court in Rotterdam (<a title=\"Open the General Conditions and Rules for Dutch Shipbrokers and Agents (English)\" href=\"https:\/\/testbroekman.nl\/wp-content\/uploads\/2024\/09\/6041-CMR-Verdrag-Engels-A4-web_0.pdf\" target=\"_blank\" rel=\"noopener\">English<\/a>)<br \/>\nRoad haulage activities: the General Conditions of Transport (CMR) as deposited by \u201cStichting Vervoeradres\u201d, at the registry of the district court in Rotterdam (<a title=\"Open the General Conditions and Rules for Dutch Shipbrokers and Agents (English)\" href=\"https:\/\/testbroekman.nl\/wp-content\/uploads\/2024\/09\/6040-CMR-Verdrag-NL-A4-web_0.pdf\" target=\"_blank\" rel=\"noopener\">Dutch<\/a>)<br \/>\nGeneral Transport Conditions, \u2018AVC 2002\u2019 (<a href=\"https:\/\/testbroekman.nl\/wp-content\/uploads\/2024\/09\/6012-General-Conditions-of-Transport-A4-web.pdf\" target=\"_blank\" rel=\"noopener\">English<\/a>)<br \/>\nAlgemene Vervoercondities, \u2018AVC 2002\u2019 (<a href=\"https:\/\/testbroekman.nl\/wp-content\/uploads\/2024\/09\/6010-Algemene-Vervoerscondities-A4-web-1.pdf\" target=\"_blank\" rel=\"noopener\">Dutch<\/a>)<br \/>\nGeneral Conditions for the carriage of goods by inland waterways, \u2018BV 2016\u2019 (<a href=\"https:\/\/testbroekman.nl\/wp-content\/uploads\/2024\/09\/6057-GC-for-the-carriage-of-goods-by-inland-waterway-A4-web-2.pdf\" target=\"_blank\" rel=\"noopener\">English<\/a>)<br \/>\nAlgemene voorwaarden inzake het met \u00e9\u00e9n reis vervoeren van goederen over binnenwateren, \u2018BV 2016\u2019 (<a href=\"https:\/\/testbroekman.nl\/wp-content\/uploads\/2024\/09\/6056-Algemene-voorwaarden-vervoeren-over-binnenwateren-A4-web-1.pdf\" target=\"_blank\" rel=\"noopener\">Dutch<\/a>)<\/p>\n<p><strong>BELGIUM GENERAL TERMS AND CONDITIONS<\/strong><br \/>\nGeneral Logistics Conditions 2024 (<a href=\"https:\/\/testbroekman.nl\/wp-content\/uploads\/2024\/01\/ABEV-2024-Eng-aangepast.pdf\" target=\"_blank\" rel=\"noopener\">English<\/a>)<br \/>\nAlgemene Logistieke Voorwaarden 2024 (<a href=\"https:\/\/testbroekman.nl\/wp-content\/uploads\/2024\/01\/ABEV-2024-NL-aangepast.pdf\">Dutch<\/a>)<br \/>\nConditions g\u00e9n\u00e9rales de logistique 2024 (<a href=\"https:\/\/testbroekman.nl\/wp-content\/uploads\/2024\/01\/ABEV-2024-Fr-aangepast.pdf\" target=\"_blank\" rel=\"noopener\">France<\/a>)<br \/>\nAllgemeine Logistik-Bedingungen 2024 (<a href=\"https:\/\/testbroekman.nl\/wp-content\/uploads\/2024\/01\/ABEV-2024-Du-aangepast.pdf\" target=\"_blank\" rel=\"noopener\">German<\/a>)<\/p>\n<\/article>\n<\/div>\n<p><strong>T\u00dcRKIYE GENERAL TERMS AND CONDITIONS<\/strong><br \/>\nUtikad Rules on Transport and Logistics Services (<a href=\"https:\/\/testbroekman.nl\/wp-content\/uploads\/2024\/05\/Broekman-Logistics-Turkiye-General-Terms-Conditions-EN.pdf\" target=\"_blank\" rel=\"noopener\">English<\/a>)<br \/>\nTa\u015f\u0131ma ve Lojistik Hizmetlerine \u0130li\u015fkin UT\u0130KAD Kurallar\u0131&#8217;na (<a href=\"https:\/\/testbroekman.nl\/wp-content\/uploads\/2024\/05\/Broekman-Logistics-Turkiye-General-Terms-Conditions-TR.pdf\" target=\"_blank\" rel=\"noopener\">Turkish)<\/a><\/p>\n\n\t\t\t<\/div>\n\t\t\t<\/div>\n<\/section>\n","protected":false},"excerpt":{"rendered":"","protected":false},"author":25,"featured_media":0,"parent":0,"menu_order":203,"comment_status":"closed","ping_status":"closed","template":"","meta":{"footnotes":""},"class_list":["post-3750","page","type-page","status-publish","hentry"],"acf":[],"yoast_head":"<!-- This site is optimized with the Yoast SEO plugin v21.1 - https:\/\/yoast.com\/wordpress\/plugins\/seo\/ -->\n<title>Terms and conditions - Broekman Logistics<\/title>\n<meta name=\"description\" content=\"Bekijk onze algemene voorwaarden bij Broekman Logistics.\" \/>\n<meta name=\"robots\" content=\"noindex, nofollow\" \/>\n<meta property=\"og:locale\" content=\"nl_NL\" \/>\n<meta property=\"og:type\" content=\"article\" \/>\n<meta property=\"og:title\" content=\"Terms and conditions - Broekman Logistics\" \/>\n<meta property=\"og:description\" content=\"Bekijk onze algemene voorwaarden bij Broekman Logistics.\" \/>\n<meta property=\"og:url\" content=\"https:\/\/testbroekman.nl\/nl\/terms-and-conditions\/\" \/>\n<meta property=\"og:site_name\" content=\"Broekman Logistics\" \/>\n<meta property=\"article:publisher\" content=\"https:\/\/www.facebook.com\/BroekmanLogistics\/\" \/>\n<meta property=\"article:modified_time\" content=\"2024-09-12T09:02:55+00:00\" \/>\n<meta name=\"twitter:card\" content=\"summary_large_image\" \/>\n<!-- \/ Yoast SEO plugin. -->","yoast_head_json":{"title":"Terms and conditions - Broekman Logistics","description":"Bekijk onze algemene voorwaarden bij Broekman Logistics.","robots":{"index":"noindex","follow":"nofollow"},"og_locale":"nl_NL","og_type":"article","og_title":"Terms and conditions - Broekman Logistics","og_description":"Bekijk onze algemene voorwaarden bij Broekman Logistics.","og_url":"https:\/\/testbroekman.nl\/nl\/terms-and-conditions\/","og_site_name":"Broekman Logistics","article_publisher":"https:\/\/www.facebook.com\/BroekmanLogistics\/","article_modified_time":"2024-09-12T09:02:55+00:00","twitter_card":"summary_large_image","schema":{"@context":"https:\/\/schema.org","@graph":[{"@type":"WebPage","@id":"https:\/\/testbroekman.nl\/nl\/terms-and-conditions\/","url":"https:\/\/testbroekman.nl\/nl\/terms-and-conditions\/","name":"Terms and conditions - Broekman Logistics","isPartOf":{"@id":"https:\/\/testbroekman.nl\/#website"},"datePublished":"2023-11-02T15:45:59+00:00","dateModified":"2024-09-12T09:02:55+00:00","description":"Bekijk onze algemene voorwaarden bij Broekman Logistics.","breadcrumb":{"@id":"https:\/\/testbroekman.nl\/nl\/terms-and-conditions\/#breadcrumb"},"inLanguage":"nl-NL","potentialAction":[{"@type":"ReadAction","target":["https:\/\/testbroekman.nl\/nl\/terms-and-conditions\/"]}]},{"@type":"BreadcrumbList","@id":"https:\/\/testbroekman.nl\/nl\/terms-and-conditions\/#breadcrumb","itemListElement":[{"@type":"ListItem","position":1,"name":"Broekman Logistics","item":"https:\/\/testbroekman.nl\/nl\/"},{"@type":"ListItem","position":2,"name":"Terms and conditions"}]},{"@type":"WebSite","@id":"https:\/\/testbroekman.nl\/#website","url":"https:\/\/testbroekman.nl\/","name":"Broekman Logistics","description":"","publisher":{"@id":"https:\/\/testbroekman.nl\/#organization"},"potentialAction":[{"@type":"SearchAction","target":{"@type":"EntryPoint","urlTemplate":"https:\/\/testbroekman.nl\/?s={search_term_string}"},"query-input":"required name=search_term_string"}],"inLanguage":"nl-NL"},{"@type":"Organization","@id":"https:\/\/testbroekman.nl\/#organization","name":"Broekman Logistics","url":"https:\/\/testbroekman.nl\/","logo":{"@type":"ImageObject","inLanguage":"nl-NL","@id":"https:\/\/testbroekman.nl\/#\/schema\/logo\/image\/","url":"https:\/\/testbroekman.nl\/wp-content\/uploads\/2023\/09\/logo-default-positive@3x.png","contentUrl":"https:\/\/testbroekman.nl\/wp-content\/uploads\/2023\/09\/logo-default-positive@3x.png","width":516,"height":144,"caption":"Broekman Logistics"},"image":{"@id":"https:\/\/testbroekman.nl\/#\/schema\/logo\/image\/"},"sameAs":["https:\/\/www.facebook.com\/BroekmanLogistics\/","https:\/\/www.instagram.com\/broekmanlogistics\/","https:\/\/www.linkedin.com\/company\/broekman-logistics\/"]}]}},"_links":{"self":[{"href":"https:\/\/testbroekman.nl\/nl\/wp-json\/wp\/v2\/pages\/3750","targetHints":{"allow":["GET"]}}],"collection":[{"href":"https:\/\/testbroekman.nl\/nl\/wp-json\/wp\/v2\/pages"}],"about":[{"href":"https:\/\/testbroekman.nl\/nl\/wp-json\/wp\/v2\/types\/page"}],"author":[{"embeddable":true,"href":"https:\/\/testbroekman.nl\/nl\/wp-json\/wp\/v2\/users\/25"}],"replies":[{"embeddable":true,"href":"https:\/\/testbroekman.nl\/nl\/wp-json\/wp\/v2\/comments?post=3750"}],"version-history":[{"count":0,"href":"https:\/\/testbroekman.nl\/nl\/wp-json\/wp\/v2\/pages\/3750\/revisions"}],"wp:attachment":[{"href":"https:\/\/testbroekman.nl\/nl\/wp-json\/wp\/v2\/media?parent=3750"}],"curies":[{"name":"wp","href":"https:\/\/api.w.org\/{rel}","templated":true}]}}